{"id":9388,"date":"2020-11-06T12:18:42","date_gmt":"2020-11-06T15:18:42","guid":{"rendered":"https:\/\/dev.hogardecristo.cl\/sumate\/?page_id=9388"},"modified":"2022-06-29T23:33:31","modified_gmt":"2022-06-30T02:33:31","slug":"estudios-e-incidencia","status":"publish","type":"page","link":"https:\/\/dev.hogardecristo.cl\/sumate\/que-hacemos\/estudios-e-incidencia\/","title":{"rendered":"Estudios e Incidencia"},"content":{"rendered":"<p>[et_pb_section fb_built=\u00bb1&#8243; admin_label=\u00bbGlobal Header\u00bb _builder_version=\u00bb4.6.6&#8243; _module_preset=\u00bbdefault\u00bb background_color=\u00bb#77aa00&#8243; background_image=\u00bbhttps:\/\/hogardecristo.cl\/sumate\/wp-content\/uploads\/2020\/10\/sumate5.jpg\u00bb background_blend=\u00bbsoft-light\u00bb custom_margin=\u00bb||||false|false\u00bb custom_margin_tablet=\u00bb90px||||false|false\u00bb custom_margin_phone=\u00bb70px||||false|false\u00bb custom_margin_last_edited=\u00bboff|desktop\u00bb custom_padding=\u00bb0px||0px||false|false\u00bb da_disable_devices=\u00bboff|off|off\u00bb global_module=\u00bb2368&#8243; global_colors_info=\u00bb{}\u00bb da_is_popup=\u00bboff\u00bb da_exit_intent=\u00bboff\u00bb da_has_close=\u00bbon\u00bb da_alt_close=\u00bboff\u00bb da_dark_close=\u00bboff\u00bb da_not_modal=\u00bbon\u00bb da_is_singular=\u00bboff\u00bb da_with_loader=\u00bboff\u00bb da_has_shadow=\u00bbon\u00bb][et_pb_row column_structure=\u00bb1_2,1_2&#8243; _builder_version=\u00bb4.16&#8243; _module_preset=\u00bbdefault\u00bb custom_margin=\u00bb||0px||false|false\u00bb custom_padding=\u00bb11px|0px|0px|0px|false|true\u00bb global_colors_info=\u00bb{}\u00bb][et_pb_column type=\u00bb1_2&#8243; _builder_version=\u00bb4.16&#8243; _module_preset=\u00bbdefault\u00bb custom_css_main_element=\u00bbmargin-bottom: 0px!important;\u00bb global_colors_info=\u00bb{}\u00bb custom_css_main_element_last_edited=\u00bboff|tablet\u00bb][et_pb_text admin_label=\u00bbTexto\u00bb _builder_version=\u00bb4.16&#8243; _dynamic_attributes=\u00bbcontent\u00bb _module_preset=\u00bbdefault\u00bb header_text_color=\u00bb#ffffff\u00bb header_font_size=\u00bb30px\u00bb custom_margin=\u00bb||||false|false\u00bb custom_padding=\u00bb2px|0px|0px|0px|false|true\u00bb custom_padding_tablet=\u00bb|10px||10px|false|true\u00bb custom_padding_phone=\u00bb\u00bb custom_padding_last_edited=\u00bbon|phone\u00bb global_colors_info=\u00bb{}\u00bb]@ET-DC@eyJkeW5hbWljIjp0cnVlLCJjb250ZW50IjoicG9zdF90aXRsZSIsInNldHRpbmdzIjp7ImJlZm9yZSI6IjxoMT4iLCJhZnRlciI6IjwvaDE+In19@[\/et_pb_text][\/et_pb_column][et_pb_column type=\u00bb1_2&#8243; disabled_on=\u00bbon|on|off\u00bb _builder_version=\u00bb4.16&#8243; _module_preset=\u00bbdefault\u00bb global_colors_info=\u00bb{}\u00bb][et_pb_code disabled_on=\u00bbon|on|off\u00bb _builder_version=\u00bb4.16&#8243; _module_preset=\u00bbdefault\u00bb text_orientation=\u00bbright\u00bb custom_padding=\u00bb0px|0px|0px|0px|true|true\u00bb custom_css_main_element=\u00bbcolor: white;||margin-top: -4px;||margin-bottom: 4px;\u00bb global_colors_info=\u00bb{}\u00bb]\t\t\t<!-- Flexy Breadcrumb -->\r\n\t\t\t<div class=\"fbc fbc-page\">\r\n\r\n\t\t\t\t<!-- Breadcrumb wrapper -->\r\n\t\t\t\t<div class=\"fbc-wrap\">\r\n\r\n\t\t\t\t\t<!-- Ordered list-->\r\n\t\t\t\t\t<ol class=\"fbc-items\" itemscope itemtype=\"https:\/\/schema.org\/BreadcrumbList\">\r\n\t\t\t\t\t\t            <li itemprop=\"itemListElement\" itemscope itemtype=\"https:\/\/schema.org\/ListItem\">\r\n                <span itemprop=\"name\">\r\n                    <!-- Home Link -->\r\n                    <a itemprop=\"item\" href=\"https:\/\/dev.hogardecristo.cl\/sumate\">\r\n                    \r\n                                                    <i class=\"fa fa-home\" aria-hidden=\"true\"><\/i>Inicio                    <\/a>\r\n                <\/span>\r\n                <meta itemprop=\"position\" content=\"1\" \/><!-- Meta Position-->\r\n             <\/li><li><span class=\"fbc-separator\">><\/span><\/li><li class=\"active\" itemprop=\"itemListElement\" itemscope itemtype=\"https:\/\/schema.org\/ListItem\"><span itemprop=\"name\" title=\"Estudios e Incidencia\">Estudios e Incidencia<\/span><meta itemprop=\"position\" content=\"2\" \/><\/li>\t\t\t\t\t<\/ol>\r\n\t\t\t\t\t<div class=\"clearfix\"><\/div>\r\n\t\t\t\t<\/div>\r\n\t\t\t<\/div>\r\n\t\t\t[\/et_pb_code][\/et_pb_column][\/et_pb_row][\/et_pb_section][et_pb_section fb_built=\u00bb1&#8243; custom_padding_last_edited=\u00bbon|desktop\u00bb admin_label=\u00bbQu\u00e9 hacemos\u00bb _builder_version=\u00bb4.16&#8243; _module_preset=\u00bbdefault\u00bb width_tablet=\u00bb\u00bb width_phone=\u00bb\u00bb width_last_edited=\u00bbon|desktop\u00bb module_alignment=\u00bbcenter\u00bb custom_padding=\u00bb|10px|70px|10px|false|true\u00bb custom_padding_tablet=\u00bb|10px|40px|10px|false|true\u00bb custom_padding_phone=\u00bb\u00bb da_disable_devices=\u00bboff|off|off\u00bb global_colors_info=\u00bb{}\u00bb da_is_popup=\u00bboff\u00bb da_exit_intent=\u00bboff\u00bb da_has_close=\u00bbon\u00bb da_alt_close=\u00bboff\u00bb da_dark_close=\u00bboff\u00bb da_not_modal=\u00bbon\u00bb da_is_singular=\u00bboff\u00bb da_with_loader=\u00bboff\u00bb da_has_shadow=\u00bbon\u00bb][et_pb_row column_structure=\u00bb1_2,1_2&#8243; use_custom_gutter=\u00bbon\u00bb gutter_width=\u00bb3&#8243; make_equal=\u00bbon\u00bb _builder_version=\u00bb4.16&#8243; _module_preset=\u00bbdefault\u00bb global_colors_info=\u00bb{}\u00bb][et_pb_column type=\u00bb1_2&#8243; _builder_version=\u00bb4.16&#8243; _module_preset=\u00bbdefault\u00bb global_colors_info=\u00bb{}\u00bb][et_pb_image src=\u00bbhttps:\/\/hogardecristo.cl\/sumate\/wp-content\/uploads\/2021\/01\/Estudios-e-Incidencia.jpg\u00bb title_text=\u00bbSeminario Nueva Educaci\u00f3n P\u00fablica\u00bb align=\u00bbcenter\u00bb _builder_version=\u00bb4.16&#8243; _module_preset=\u00bbdefault\u00bb width=\u00bb100%\u00bb width_tablet=\u00bb80%\u00bb width_phone=\u00bb90%\u00bb width_last_edited=\u00bbon|desktop\u00bb module_alignment=\u00bbcenter\u00bb border_radii=\u00bbon|5px|5px|5px|5px\u00bb box_shadow_style=\u00bbpreset3&#8243; global_colors_info=\u00bb{}\u00bb][\/et_pb_image][\/et_pb_column][et_pb_column type=\u00bb1_2&#8243; _builder_version=\u00bb4.16&#8243; _module_preset=\u00bbdefault\u00bb global_colors_info=\u00bb{}\u00bb][et_pb_text _builder_version=\u00bb4.16&#8243; _module_preset=\u00bbdefault\u00bb custom_padding=\u00bb20px||20px||true|false\u00bb global_colors_info=\u00bb{}\u00bb]<\/p>\n<h2>Qu\u00e9 hacemos<\/h2>\n<p>\u00c1rea que se dedica a la elaboraci\u00f3n de estudios y evaluaciones y a la incidencia p\u00fablica relacionada con la exclusi\u00f3n educativa en Chile, su abordaje desde las pol\u00edticas p\u00fablicas y desde las pr\u00e1cticas educacionales de las escuelas de reingreso y programas socioeducativos de Fundaci\u00f3n S\u00famate. Aportamos con investigaci\u00f3n propia o en alianza con otras instituciones, con el monitoreo y seguimiento a iniciativas de la Fundaci\u00f3n y con actividades de incidencia que buscan posicionar la exclusi\u00f3n educativa y las trayectorias escolares interrumpidas de ni\u00f1os, ni\u00f1as y j\u00f3venes\u00a0como tem\u00e1ticas relevantes y urgentes de atender para construir un sistema educativo y una sociedad m\u00e1s justa, equitativa, participativa, inclusiva y sustentable en el tiempo.<\/p>\n<p>[\/et_pb_text][\/et_pb_column][\/et_pb_row][\/et_pb_section][et_pb_section fb_built=\u00bb1&#8243; _builder_version=\u00bb4.16&#8243; _module_preset=\u00bbdefault\u00bb background_color=\u00bb#77aa00&#8243; custom_padding=\u00bb20px|10px|10px|10px|false|true\u00bb da_disable_devices=\u00bboff|off|off\u00bb global_colors_info=\u00bb{}\u00bb locked=\u00bboff\u00bb da_is_popup=\u00bboff\u00bb da_exit_intent=\u00bboff\u00bb da_has_close=\u00bbon\u00bb da_alt_close=\u00bboff\u00bb da_dark_close=\u00bboff\u00bb da_not_modal=\u00bbon\u00bb da_is_singular=\u00bboff\u00bb da_with_loader=\u00bboff\u00bb da_has_shadow=\u00bbon\u00bb][et_pb_row column_structure=\u00bb1_2,1_2&#8243; use_custom_gutter=\u00bbon\u00bb _builder_version=\u00bb4.16&#8243; _module_preset=\u00bbdefault\u00bb width=\u00bb65%\u00bb module_alignment=\u00bbcenter\u00bb global_colors_info=\u00bb{}\u00bb][et_pb_column type=\u00bb1_2&#8243; _builder_version=\u00bb4.16&#8243; _module_preset=\u00bbdefault\u00bb global_colors_info=\u00bb{}\u00bb][et_pb_blurb title=\u00bb(+5622)\u00a07796762&#8243; url=\u00bbtel:+56227796762&#8243; use_icon=\u00bbon\u00bb font_icon=\u00bb&#xe090;||divi||400&#8243; icon_color=\u00bb#ff6600&#8243; image_icon_background_color=\u00bb#ffffff\u00bb icon_placement=\u00bbleft\u00bb image_icon_width=\u00bb16px\u00bb _builder_version=\u00bb4.17.4&#8243; _module_preset=\u00bbdefault\u00bb header_text_color=\u00bb#ffffff\u00bb body_font=\u00bb||||||||\u00bb body_text_color=\u00bb#ffffff\u00bb image_icon_custom_padding=\u00bb8px|8px|8px|8px|false|false\u00bb background_layout=\u00bbdark\u00bb custom_padding=\u00bb5px||5px||true|false\u00bb custom_padding_phone=\u00bb10px||10px||true|false\u00bb custom_padding_last_edited=\u00bboff|desktop\u00bb link_option_url=\u00bbtel:+56227796762&#8243; hover_enabled=\u00bb0&#8243; custom_css_blurb_title=\u00bbmargin-top: 8px;\u00bb border_radii_image=\u00bbon|100%|100%|100%|100%\u00bb use_circle=\u00bbon\u00bb circle_color=\u00bb#ffffff\u00bb global_colors_info=\u00bb{}\u00bb image_icon_background_color__sticky_enabled=\u00bb#7EBEC5&#8243; image_icon_background_color__sticky=\u00bb#7EBEC5&#8243; sticky_enabled=\u00bb0&#8243; url_new_window=\u00bbon\u00bb link_option_url_new_window=\u00bbon\u00bb][\/et_pb_blurb][\/et_pb_column][et_pb_column type=\u00bb1_2&#8243; _builder_version=\u00bb4.16&#8243; _module_preset=\u00bbdefault\u00bb global_colors_info=\u00bb{}\u00bb][et_pb_blurb title=\u00bbestudios@sumate.cl\u00bb url=\u00bbmailto:estudios@sumate.cl\u00bb use_icon=\u00bbon\u00bb font_icon=\u00bb&#xe076;||divi||400&#8243; icon_color=\u00bb#ff6600&#8243; image_icon_background_color=\u00bb#ffffff\u00bb icon_placement=\u00bbleft\u00bb image_icon_width=\u00bb16px\u00bb _builder_version=\u00bb4.17.4&#8243; _module_preset=\u00bbdefault\u00bb header_text_color=\u00bb#ffffff\u00bb body_font=\u00bb||||||||\u00bb body_text_color=\u00bb#ffffff\u00bb image_icon_custom_padding=\u00bb8px|8px|8px|8px|false|false\u00bb background_layout=\u00bbdark\u00bb custom_padding=\u00bb5px||5px||true|false\u00bb custom_padding_phone=\u00bb10px||10px||true|false\u00bb custom_padding_last_edited=\u00bboff|desktop\u00bb link_option_url=\u00bbmailto:estudios@sumate.cl\u00bb hover_enabled=\u00bb0&#8243; custom_css_blurb_title=\u00bbmargin-top: 8px;\u00bb border_radii_image=\u00bbon|100%|100%|100%|100%\u00bb use_circle=\u00bbon\u00bb circle_color=\u00bb#ffffff\u00bb global_colors_info=\u00bb{}\u00bb custom_padding__hover_enabled=\u00bboff|desktop\u00bb image_icon_background_color__sticky_enabled=\u00bb#7EBEC5&#8243; image_icon_background_color__sticky=\u00bb#7EBEC5&#8243; url_new_window=\u00bbon\u00bb link_option_url_new_window=\u00bbon\u00bb sticky_enabled=\u00bb0&#8243;][\/et_pb_blurb][\/et_pb_column][\/et_pb_row][\/et_pb_section][et_pb_section fb_built=\u00bb1&#8243; admin_label=\u00bbDocumentos\u00bb _builder_version=\u00bb4.16&#8243; _module_preset=\u00bbdefault\u00bb background_color=\u00bb#f5faeb\u00bb custom_margin=\u00bb0px||0px||true|false\u00bb da_disable_devices=\u00bboff|off|off\u00bb global_colors_info=\u00bb{}\u00bb da_is_popup=\u00bboff\u00bb da_exit_intent=\u00bboff\u00bb da_has_close=\u00bbon\u00bb da_alt_close=\u00bboff\u00bb da_dark_close=\u00bboff\u00bb da_not_modal=\u00bbon\u00bb da_is_singular=\u00bboff\u00bb da_with_loader=\u00bboff\u00bb da_has_shadow=\u00bbon\u00bb][et_pb_row column_structure=\u00bb1_2,1_2&#8243; use_custom_gutter=\u00bbon\u00bb _builder_version=\u00bb4.16&#8243; _module_preset=\u00bbdefault\u00bb custom_padding=\u00bb20px||20px||true|false\u00bb global_colors_info=\u00bb{}\u00bb][et_pb_column type=\u00bb1_2&#8243; _builder_version=\u00bb4.16&#8243; _module_preset=\u00bbdefault\u00bb global_colors_info=\u00bb{}\u00bb][et_pb_text _builder_version=\u00bb4.16&#8243; _module_preset=\u00bbdefault\u00bb custom_padding=\u00bb10px||||false|false\u00bb global_colors_info=\u00bb{}\u00bb]<\/p>\n<h3>Estudios y Publicaciones<\/h3>\n<p>[\/et_pb_text][\/et_pb_column][et_pb_column type=\u00bb1_2&#8243; _builder_version=\u00bb4.16&#8243; _module_preset=\u00bbdefault\u00bb global_colors_info=\u00bb{}\u00bb][et_pb_code _builder_version=\u00bb4.16&#8243; _module_preset=\u00bbdefault\u00bb global_colors_info=\u00bb{}\u00bb]<form data-sf-form-id='9472' data-is-rtl='0' data-maintain-state='' data-results-url='https:\/\/hogardecristo.cl\/sumate\/que-hacemos\/estudios-e-incidencia\/' data-ajax-url='https:\/\/dev.hogardecristo.cl\/sumate\/?sfid=9472&amp;sf_action=get_data&amp;sf_data=results' data-ajax-form-url='https:\/\/dev.hogardecristo.cl\/sumate\/?sfid=9472&amp;sf_action=get_data&amp;sf_data=form' data-display-result-method='shortcode' data-use-history-api='1' data-template-loaded='0' data-lang-code='' data-ajax='1' data-ajax-data-type='json' data-ajax-target='#search-filter-results-9472' data-ajax-pagination-type='normal' data-ajax-links-selector='.pagination a' data-update-ajax-url='1' data-scroll-to-pos='results' data-scroll-on-action='all' data-init-paged='1' data-auto-update='1' action='https:\/\/hogardecristo.cl\/sumate\/que-hacemos\/estudios-e-incidencia\/' method='post' class='searchandfilter' id='search-filter-form-9472' autocomplete='off' data-instance-count='1'><ul><li class=\"sf-field-search\" data-sf-field-name=\"search\" data-sf-field-type=\"search\" data-sf-field-input-type=\"\">\t\t<label><span class=\"screen-reader-text\">Buscar por t\u00edtulo<\/span><input placeholder=\"Buscar por t\u00edtulo\" name=\"_sf_search[]\" class=\"sf-input-text\" type=\"text\" value=\"\" title=\"Buscar por t\u00edtulo\"><\/label>\t\t<\/li><li class=\"sf-field-category\" data-sf-field-name=\"_sft_category\" data-sf-field-type=\"category\" data-sf-field-input-type=\"select\">\t\t<label>\r\n\t\t<span class=\"screen-reader-text\">Buscar por Categor\u00eda<\/span>\t\t<select name=\"_sft_category[]\" class=\"sf-input-select\" title=\"Buscar por Categor\u00eda\">\r\n\t\t\t\r\n\t\t\t\t\t\t<option class=\"sf-level-0 sf-item-0 sf-option-active\" selected=\"selected\" data-sf-count=\"0\" data-sf-depth=\"0\" value=\"\">Todas las Categor\u00edas<\/option>\r\n\t\t\t\t\t\t<option class=\"sf-level-0 sf-item-763\" data-sf-count=\"1\" data-sf-depth=\"0\" value=\"escuelas-de-reingreso\">Escuelas de Reingreso<\/option>\r\n\t\t\t\t\t\t<option class=\"sf-level-0 sf-item-766\" data-sf-count=\"2\" data-sf-depth=\"0\" value=\"espacios-de-reencuentro-educativo\">Espacios de Reencuentro Educativo<\/option>\r\n\t\t\t\t\t\t<option class=\"sf-level-0 sf-item-762\" data-sf-count=\"3\" data-sf-depth=\"0\" value=\"exclusion-educativa\">Exclusi\u00f3n Educativa<\/option>\r\n\t\t\t\t\t\t<option class=\"sf-level-0 sf-item-765\" data-sf-count=\"2\" data-sf-depth=\"0\" value=\"programas-socioeducativos\">Programas Socioeducativos<\/option>\r\n\t\t\t\t\t\t<option class=\"sf-level-0 sf-item-764\" data-sf-count=\"4\" data-sf-depth=\"0\" value=\"propuestas-de-politica-publica\">Propuestas de Pol\u00edtica P\u00fablica<\/option>\r\n\t\t\t\t\t<\/select>\r\n\t\t<\/label>\t\t<\/li><\/ul><\/form>[\/et_pb_code][\/et_pb_column][\/et_pb_row][et_pb_row _builder_version=\u00bb4.16&#8243; _module_preset=\u00bbdefault\u00bb global_colors_info=\u00bb{}\u00bb][et_pb_column type=\u00bb4_4&#8243; _builder_version=\u00bb4.16&#8243; _module_preset=\u00bbdefault\u00bb global_colors_info=\u00bb{}\u00bb][et_pb_code _builder_version=\u00bb4.16&#8243; _module_preset=\u00bbdefault\u00bb global_colors_info=\u00bb{}\u00bb]<\/p>\n<div><!-- [et_pb_line_break_holder] -->  <div class=\"search-filter-results\" id=\"search-filter-results-9472\">\t\t<div style=\"display: grid;grid-template-columns:repeat(2,1fr)\">\n\t\t\t<span>Se encontraron 19 documentos<\/span>\n\t\t\t<span style=\"text-align:right;\">P\u00e1gina 1 de 4<\/span>\n\t\t<\/div>\n\t\t\t\n\t<div>\n\t\t<div>\n\t\t\t<div class=\"smt-studies-results\">\n\t\t\t\t<h3>T\u00edtulo<\/h3><h3>Descripci\u00f3n<\/h3>\n\t\t\t<\/div>\n\t\t\t\t\t<div class=\"smt-studies-results\">\n\t\t\t\t<div>\n\t\t\t\t\t<h5>Hacia un sistema de protecci\u00f3n de trayectorias educativas en Chile: Aprendiendo del caso uruguayo<\/h5>\n\t\t\t\t<\/div>\n\t\t\t\t<span>Este n\u00famero especial de Policy Brief de la Serie Investigaci\u00f3n en Educaci\u00f3n, invita a informarse y reflexionar sobre la necesidad que Chile tiene de crear un sistema de protecci\u00f3n de trayectorias educativas.<\/span>\n\t\t\t\t<div style=\"display:flex; justify-content:flex-end; align-items: flex-start;\">\n\t\t\t\t\t<a href=\"https:\/\/dev.hogardecristo.cl\/sumate\/wp-content\/uploads\/1656\/59\/Doc.1_Documento-Policy-Brief.pdf\">\n\t\t\t\t\t\t<button class=\"smt-studies-results-button\">Descargar<\/button>\n\t\t\t\t\t<\/a>\n\t\t\t\t<\/div>\n\t\t\t<\/div>\n\t\t<\/div>\n\t<\/div>\n\t\t\n\t\t\t\t<div class=\"smt-studies-results\">\n\t\t\t\t<div>\n\t\t\t\t\t<h5>Evaluaci\u00f3n Programa S\u00famate a Tu Oportunidad<\/h5>\n\t\t\t\t<\/div>\n\t\t\t\t<span>Evaluaci\u00f3n cualitativa y de impacto social del programa S\u00famate a tu oportunidad, en la inclusi\u00f3n de j\u00f3venes vulnerables a la educaci\u00f3n t\u00e9cnico superior. Estudio realizado en conjunto con Espacio...<\/span>\n\t\t\t\t<div style=\"display:flex; justify-content:flex-end; align-items: flex-start;\">\n\t\t\t\t\t<a href=\"https:\/\/dev.hogardecristo.cl\/sumate\/wp-content\/uploads\/2021\/01\/Evaluacion-Programa-Sumate-a-Tu-Oportunidad.pdf\">\n\t\t\t\t\t\t<button class=\"smt-studies-results-button\">Descargar<\/button>\n\t\t\t\t\t<\/a>\n\t\t\t\t<\/div>\n\t\t\t<\/div>\n\t\t<\/div>\n\t<\/div>\n\t\t\n\t\t\t\t<div class=\"smt-studies-results\">\n\t\t\t\t<div>\n\t\t\t\t\t<h5>Evaluaci\u00f3n Modelo Aula de Reingreso<\/h5>\n\t\t\t\t<\/div>\n\t\t\t\t<span>Sintetiza los principales resultados obtenidos por el proyecto Aula de Reingreso tras su ejecuci\u00f3n e incluye recomendaciones y sugerencias para una futura implementaci\u00f3n.<\/span>\n\t\t\t\t<div style=\"display:flex; justify-content:flex-end; align-items: flex-start;\">\n\t\t\t\t\t<a href=\"https:\/\/dev.hogardecristo.cl\/sumate\/wp-content\/uploads\/2021\/01\/Diagnostico-Aula-de-Reingreso-Liceo-Simon-Bolivar-1.pdf\">\n\t\t\t\t\t\t<button class=\"smt-studies-results-button\">Descargar<\/button>\n\t\t\t\t\t<\/a>\n\t\t\t\t<\/div>\n\t\t\t<\/div>\n\t\t<\/div>\n\t<\/div>\n\t\t\n\t\t\t\t<div class=\"smt-studies-results\">\n\t\t\t\t<div>\n\t\t\t\t\t<h5>Diagn\u00f3stico Programa S\u00famate a Tu Barrio<\/h5>\n\t\t\t\t<\/div>\n\t\t\t\t<span>Describe los procedimientos para la elaboraci\u00f3n de un diagn\u00f3stico social de acuerdo a la metodolog\u00eda de marco l\u00f3gico y se analiza la demanda y la falta de dispositivos para abordar la exclusi\u00f3n...<\/span>\n\t\t\t\t<div style=\"display:flex; justify-content:flex-end; align-items: flex-start;\">\n\t\t\t\t\t<a href=\"https:\/\/dev.hogardecristo.cl\/sumate\/wp-content\/uploads\/2021\/01\/Diagnostico-Programa-Sumate-a-Tu-Barrio.pdf\">\n\t\t\t\t\t\t<button class=\"smt-studies-results-button\">Descargar<\/button>\n\t\t\t\t\t<\/a>\n\t\t\t\t<\/div>\n\t\t\t<\/div>\n\t\t<\/div>\n\t<\/div>\n\t\t\n\t\t\t\t<div class=\"smt-studies-results\">\n\t\t\t\t<div>\n\t\t\t\t\t<h5>Diagnostico Programa S\u00famate Cree<\/h5>\n\t\t\t\t<\/div>\n\t\t\t\t<span>Identifica causas y efectos de la vulneraci\u00f3n del derecho a la educaci\u00f3n de ni\u00f1os, ni\u00f1as y j\u00f3venes sancionados por la Ley de responsabilidad penal Adolescente 20.084.<\/span>\n\t\t\t\t<div style=\"display:flex; justify-content:flex-end; align-items: flex-start;\">\n\t\t\t\t\t<a href=\"https:\/\/dev.hogardecristo.cl\/sumate\/wp-content\/uploads\/2021\/01\/Diagnostico-Programa-Sumate-Cree.pdf\">\n\t\t\t\t\t\t<button class=\"smt-studies-results-button\">Descargar<\/button>\n\t\t\t\t\t<\/a>\n\t\t\t\t<\/div>\n\t\t\t<\/div>\n\t\t<\/div>\n\t<\/div>\n\t\t\n\t\t\t\n\t<div class=\"pagination\">\n\t\t<br \/><div class='wp-pagenavi' role='navigation'>\n<span aria-current='page' class='current'>1<\/span><a class=\"page larger\" title=\"P\u00e1gina 2\" href=\"https:\/\/hogardecristo.cl\/sumate\/que-hacemos\/estudios-e-incidencia\/?sf_paged=2\">2<\/a><a class=\"page larger\" title=\"P\u00e1gina 3\" href=\"https:\/\/hogardecristo.cl\/sumate\/que-hacemos\/estudios-e-incidencia\/?sf_paged=3\">3<\/a><span class='extend'>...<\/span><a class=\"nextpostslink\" rel=\"next\" aria-label=\"P\u00e1gina siguiente\" href=\"https:\/\/hogardecristo.cl\/sumate\/que-hacemos\/estudios-e-incidencia\/?sf_paged=2\">\u00bb<\/a><a class=\"last\" aria-label=\"Last Page\" href=\"https:\/\/hogardecristo.cl\/sumate\/que-hacemos\/estudios-e-incidencia\/?sf_paged=4\">\u00daltima p\u00e1gina\u00bb<\/a>\n<\/div>\t<\/div>\n\t<\/div><!-- [et_pb_line_break_holder] --><\/div>\n<p>[\/et_pb_code][\/et_pb_column][\/et_pb_row][\/et_pb_section][et_pb_section fb_built=\u00bb1&#8243; _builder_version=\u00bb4.16&#8243; _module_preset=\u00bbdefault\u00bb background_color=\u00bb#ffffff\u00bb custom_margin=\u00bb0px||0px||true|false\u00bb custom_padding=\u00bb|10px||10px|true|true\u00bb da_disable_devices=\u00bboff|off|off\u00bb global_colors_info=\u00bb{}\u00bb da_is_popup=\u00bboff\u00bb da_exit_intent=\u00bboff\u00bb da_has_close=\u00bbon\u00bb da_alt_close=\u00bboff\u00bb da_dark_close=\u00bboff\u00bb da_not_modal=\u00bbon\u00bb da_is_singular=\u00bboff\u00bb da_with_loader=\u00bboff\u00bb da_has_shadow=\u00bbon\u00bb][et_pb_row _builder_version=\u00bb4.16&#8243; _module_preset=\u00bbdefault\u00bb global_colors_info=\u00bb{}\u00bb][et_pb_column type=\u00bb4_4&#8243; _builder_version=\u00bb4.16&#8243; _module_preset=\u00bbdefault\u00bb global_colors_info=\u00bb{}\u00bb][et_pb_text _builder_version=\u00bb4.16&#8243; _module_preset=\u00bbdefault\u00bb global_colors_info=\u00bb{}\u00bb]<\/p>\n<h3>Alianzas<\/h3>\n<p>[\/et_pb_text][et_pb_code _builder_version=\u00bb4.16&#8243; _module_preset=\u00bbdefault\u00bb global_colors_info=\u00bb{}\u00bb][slide-anything id=\u00bb10122&#8243;][\/et_pb_code][\/et_pb_column][\/et_pb_row][\/et_pb_section]<\/p>\n","protected":false},"excerpt":{"rendered":"<p>[et_pb_section fb_built=\u00bb1&#8243; admin_label=\u00bbGlobal Header\u00bb _builder_version=\u00bb4.6.6&#8243; _module_preset=\u00bbdefault\u00bb background_color=\u00bb#77aa00&#8243; background_image=\u00bbhttps:\/\/hogardecristo.cl\/sumate\/wp-content\/uploads\/2020\/10\/sumate5.jpg\u00bb background_blend=\u00bbsoft-light\u00bb custom_margin=\u00bb||||false|false\u00bb custom_margin_tablet=\u00bb90px||||false|false\u00bb custom_margin_phone=\u00bb70px||||false|false\u00bb custom_margin_last_edited=\u00bboff|desktop\u00bb custom_padding=\u00bb0px||0px||false|false\u00bb da_disable_devices=\u00bboff|off|off\u00bb global_module=\u00bb2368&#8243; global_colors_info=\u00bb{}\u00bb da_is_popup=\u00bboff\u00bb da_exit_intent=\u00bboff\u00bb da_has_close=\u00bbon\u00bb da_alt_close=\u00bboff\u00bb da_dark_close=\u00bboff\u00bb da_not_modal=\u00bbon\u00bb da_is_singular=\u00bboff\u00bb da_with_loader=\u00bboff\u00bb da_has_shadow=\u00bbon\u00bb][et_pb_row column_structure=\u00bb1_2,1_2&#8243; _builder_version=\u00bb4.16&#8243; _module_preset=\u00bbdefault\u00bb custom_margin=\u00bb||0px||false|false\u00bb custom_padding=\u00bb11px|0px|0px|0px|false|true\u00bb global_colors_info=\u00bb{}\u00bb][et_pb_column type=\u00bb1_2&#8243; _builder_version=\u00bb4.16&#8243; _module_preset=\u00bbdefault\u00bb custom_css_main_element=\u00bbmargin-bottom: 0px!important;\u00bb global_colors_info=\u00bb{}\u00bb custom_css_main_element_last_edited=\u00bboff|tablet\u00bb][et_pb_text admin_label=\u00bbTexto\u00bb _builder_version=\u00bb4.16&#8243; _dynamic_attributes=\u00bbcontent\u00bb _module_preset=\u00bbdefault\u00bb header_text_color=\u00bb#ffffff\u00bb header_font_size=\u00bb30px\u00bb custom_margin=\u00bb||||false|false\u00bb custom_padding=\u00bb2px|0px|0px|0px|false|true\u00bb custom_padding_tablet=\u00bb|10px||10px|false|true\u00bb custom_padding_phone=\u00bb\u00bb custom_padding_last_edited=\u00bbon|phone\u00bb global_colors_info=\u00bb{}\u00bb]@ET-DC@eyJkeW5hbWljIjp0cnVlLCJjb250ZW50IjoicG9zdF90aXRsZSIsInNldHRpbmdzIjp7ImJlZm9yZSI6IjxoMT4iLCJhZnRlciI6IjwvaDE+In19@[\/et_pb_text][\/et_pb_column][et_pb_column type=\u00bb1_2&#8243; disabled_on=\u00bbon|on|off\u00bb _builder_version=\u00bb4.16&#8243; _module_preset=\u00bbdefault\u00bb [&hellip;]<\/p>\n","protected":false},"author":1,"featured_media":0,"parent":2315,"menu_order":0,"comment_status":"closed","ping_status":"closed","template":"","meta":{"_et_pb_use_builder":"on","_et_pb_old_content":"","_et_gb_content_width":""},"acf":[],"_links":{"self":[{"href":"https:\/\/dev.hogardecristo.cl\/sumate\/wp-json\/wp\/v2\/pages\/9388"}],"collection":[{"href":"https:\/\/dev.hogardecristo.cl\/sumate\/wp-json\/wp\/v2\/pages"}],"about":[{"href":"https:\/\/dev.hogardecristo.cl\/sumate\/wp-json\/wp\/v2\/types\/page"}],"author":[{"embeddable":true,"href":"https:\/\/dev.hogardecristo.cl\/sumate\/wp-json\/wp\/v2\/users\/1"}],"replies":[{"embeddable":true,"href":"https:\/\/dev.hogardecristo.cl\/sumate\/wp-json\/wp\/v2\/comments?post=9388"}],"version-history":[{"count":4,"href":"https:\/\/dev.hogardecristo.cl\/sumate\/wp-json\/wp\/v2\/pages\/9388\/revisions"}],"predecessor-version":[{"id":10820,"href":"https:\/\/dev.hogardecristo.cl\/sumate\/wp-json\/wp\/v2\/pages\/9388\/revisions\/10820"}],"up":[{"embeddable":true,"href":"https:\/\/dev.hogardecristo.cl\/sumate\/wp-json\/wp\/v2\/pages\/2315"}],"wp:attachment":[{"href":"https:\/\/dev.hogardecristo.cl\/sumate\/wp-json\/wp\/v2\/media?parent=9388"}],"curies":[{"name":"wp","href":"https:\/\/api.w.org\/{rel}","templated":true}]}}